{"id":251,"date":"2018-10-23T12:29:33","date_gmt":"2018-10-23T10:29:33","guid":{"rendered":"http:\/\/gcons.pulary.cz\/?page_id=251"},"modified":"2023-03-03T10:56:34","modified_gmt":"2023-03-03T09:56:34","slug":"inzenyrska-geologie","status":"publish","type":"page","link":"http:\/\/gcons.pulary.cz\/en\/sluzby\/inzenyrska-geologie\/","title":{"rendered":"GEO ENGINEERING &amp; GEOTECHNICS"},"content":{"rendered":"<h3>IN\u017dEN\u00ddRSK\u00c1 GEOLOGIE A GEOTECHNIKA<\/h3>\n<p>V oboru in\u017een\u00fdrsk\u00e9 geologie a geotechniky nab\u00edz\u00edme:<\/p>\n<ul style=\"list-style-type: disc;\">\n<li>in\u017een\u00fdrskogeologick\u00fd a geotechnick\u00fd pr\u016fzkum pro v\u0161echny druhy staveb \u2013 liniov\u00e9 stavby, pr\u016fmyslov\u00e9 stavby, bytov\u00e1 v\u00fdstavba, in\u017een\u00fdrsk\u00e9 s\u00edt\u011b, skl\u00e1dky<\/li>\n<li>technickou pomoc projektantovi p\u0159i zapracov\u00e1n\u00ed v\u00fdsledk\u016f geotechnick\u00e9ho pr\u016fzkumu do projektov\u00e9 dokumentace<\/li>\n<li>geotechnick\u00fd dozor v pr\u016fb\u011bhu v\u00fdstavby, supervize \u2013 p\u0159eb\u00edrka z\u00e1kladov\u00e9 sp\u00e1ry, kontrola prov\u00e1d\u011bn\u00ed zemn\u00edch prac\u00ed, zhodnocen\u00ed pou\u017eit\u00fdch zemin a materi\u00e1l\u016f, stanoven\u00ed stupn\u011b t\u011b\u017eitelnosti zemin a hornin apod.<\/li>\n<li>odborn\u00e9 a znaleck\u00e9 posudky, konzulta\u010dn\u00ed \u010dinnost<\/li>\n<li>re\u0161er\u0161n\u00ed zpr\u00e1vy zalo\u017een\u00e9 na excerpci archivn\u00edch dat<\/li>\n<li>realizace pedologick\u00fdch pr\u016fzkum\u016f, zpracov\u00e1n\u00ed podklad\u016f pro odn\u011bt\u00ed pozemk\u016f ze ZPF<\/li>\n<li>in\u017een\u00fdrskogeologick\u00fd pr\u016fzkum sesuvn\u00fdch \u00fazem\u00ed, stabilitn\u00ed v\u00fdpo\u010dty, n\u00e1vrh sanace a stabiliza\u010dn\u00edch opat\u0159en\u00ed<\/li>\n<li>dokumentaci a \u0159e\u0161en\u00ed stabilitn\u00edch probl\u00e9m\u016f skaln\u00edch st\u011bn<\/li>\n<li>komplexn\u00ed \u0159e\u0161en\u00ed pro geotechnick\u00e9 konstrukce, \u00fapravy a zaji\u0161t\u011bn\u00ed svah\u016f, vyztu\u017een\u00e9 zemn\u00ed konstrukce, op\u011brn\u00e9 zdi<\/li>\n<li>posouzen\u00ed \u00fanosnosti a sed\u00e1n\u00ed plo\u0161n\u00fdch a hlubinn\u00fdch z\u00e1klad\u016f<\/li>\n<li>n\u00e1vrhy zalo\u017een\u00ed zemn\u00edho t\u011blesa liniov\u00fdch staveb<\/li>\n<li>zakl\u00e1d\u00e1n\u00ed vysok\u00fdch n\u00e1syp\u016f, v\u00fdpo\u010dty sed\u00e1n\u00ed<\/li>\n<li>matematick\u00e9\/geotechnick\u00e9 modelov\u00e1n\u00ed a v\u00fdpo\u010dty pomoc\u00ed klasick\u00fdch metod mechaniky zemin i numerick\u00fdch metod &#8211; modelov\u00e1n\u00ed MKP ve 2D i 3D; (GEO5 z produkce frmy FINE)<\/li>\n<li>geotechnick\u00fd monitoring<\/li>\n<\/ul>\n<p>Kontakt:<br \/>\n<strong>Ing. So\u0148a \u0160imkov\u00e1<\/strong><br \/>\nM: +420 602 357 305<br \/>\nE: simkova@g-consult.cz<\/p>\n<p>&nbsp;<\/p>\n<p>&nbsp;<\/p>","protected":false},"excerpt":{"rendered":"<p>IN\u017dEN\u00ddRSK\u00c1 GEOLOGIE A GEOTECHNIKA V oboru in\u017een\u00fdrsk\u00e9 geologie a geotechniky &#8230;<\/p>","protected":false},"author":2,"featured_media":0,"parent":271,"menu_order":0,"comment_status":"closed","ping_status":"closed","template":"page-inzenyrska.php","meta":{"footnotes":""},"class_list":["post-251","page","type-page","status-publish","hentry"],"acf":[],"_links":{"self":[{"href":"http:\/\/gcons.pulary.cz\/en\/wp-json\/wp\/v2\/pages\/251","targetHints":{"allow":["GET"]}}],"collection":[{"href":"http:\/\/gcons.pulary.cz\/en\/wp-json\/wp\/v2\/pages"}],"about":[{"href":"http:\/\/gcons.pulary.cz\/en\/wp-json\/wp\/v2\/types\/page"}],"author":[{"embeddable":true,"href":"http:\/\/gcons.pulary.cz\/en\/wp-json\/wp\/v2\/users\/2"}],"replies":[{"embeddable":true,"href":"http:\/\/gcons.pulary.cz\/en\/wp-json\/wp\/v2\/comments?post=251"}],"version-history":[{"count":8,"href":"http:\/\/gcons.pulary.cz\/en\/wp-json\/wp\/v2\/pages\/251\/revisions"}],"predecessor-version":[{"id":804,"href":"http:\/\/gcons.pulary.cz\/en\/wp-json\/wp\/v2\/pages\/251\/revisions\/804"}],"up":[{"embeddable":true,"href":"http:\/\/gcons.pulary.cz\/en\/wp-json\/wp\/v2\/pages\/271"}],"wp:attachment":[{"href":"http:\/\/gcons.pulary.cz\/en\/wp-json\/wp\/v2\/media?parent=251"}],"curies":[{"name":"wp","href":"https:\/\/api.w.org\/{rel}","templated":true}]}}