{"id":247,"date":"2018-10-23T11:38:30","date_gmt":"2018-10-23T09:38:30","guid":{"rendered":"http:\/\/gcons.pulary.cz\/?page_id=247"},"modified":"2023-02-24T16:43:20","modified_gmt":"2023-02-24T15:43:20","slug":"ekologicke-zateze","status":"publish","type":"page","link":"http:\/\/gcons.pulary.cz\/en\/sluzby\/ekologicke-zateze\/","title":{"rendered":"ENVIRONMENTAL BURDEN"},"content":{"rendered":"<h3>ENVIRONMENTAL BURDEN<\/h3>\n<p>&nbsp;<\/p>\n<ul>\n<li>komplexn\u00ed pr\u016fzkumy kontaminace horninov\u00e9ho prost\u0159ed\u00ed a podzemn\u00ed vody<\/li>\n<li>anal\u00fdza rizik ekologick\u00e9 z\u00e1t\u011b\u017ee na \u017dP<\/li>\n<li>projektov\u00e1 \u010dinnost \u2013 zpracov\u00e1n\u00ed projektov\u00e9 dokumentace, projedn\u00e1n\u00ed a zaji\u0161t\u011bn\u00ed p\u0159\u00edslu\u0161n\u00fdch povolen\u00ed DOSS<\/li>\n<li>sanace (likvidace) ekologick\u00fdch z\u00e1t\u011b\u017e\u00ed v horninov\u00e9m prost\u0159ed\u00ed a podzemn\u00ed vod\u011b<\/li>\n<\/ul>\n<p>Kontakt<br \/>\n<strong>Ing. Vladan Podrou\u017eek<\/strong><br \/>\nM: +420 602 520 209<br \/>\nE: podrouzek@g-consult.cz<\/p>","protected":false},"excerpt":{"rendered":"<p>EKOLOGICK\u00c9 Z\u00c1T\u011a\u017dE &nbsp; komplexn\u00ed pr\u016fzkumy kontaminace horninov\u00e9ho prost\u0159ed\u00ed a podzemn\u00ed &#8230;<\/p>","protected":false},"author":2,"featured_media":0,"parent":271,"menu_order":0,"comment_status":"closed","ping_status":"closed","template":"page-ekozateze.php","meta":{"footnotes":""},"class_list":["post-247","page","type-page","status-publish","hentry"],"acf":[],"_links":{"self":[{"href":"http:\/\/gcons.pulary.cz\/en\/wp-json\/wp\/v2\/pages\/247","targetHints":{"allow":["GET"]}}],"collection":[{"href":"http:\/\/gcons.pulary.cz\/en\/wp-json\/wp\/v2\/pages"}],"about":[{"href":"http:\/\/gcons.pulary.cz\/en\/wp-json\/wp\/v2\/types\/page"}],"author":[{"embeddable":true,"href":"http:\/\/gcons.pulary.cz\/en\/wp-json\/wp\/v2\/users\/2"}],"replies":[{"embeddable":true,"href":"http:\/\/gcons.pulary.cz\/en\/wp-json\/wp\/v2\/comments?post=247"}],"version-history":[{"count":11,"href":"http:\/\/gcons.pulary.cz\/en\/wp-json\/wp\/v2\/pages\/247\/revisions"}],"predecessor-version":[{"id":765,"href":"http:\/\/gcons.pulary.cz\/en\/wp-json\/wp\/v2\/pages\/247\/revisions\/765"}],"up":[{"embeddable":true,"href":"http:\/\/gcons.pulary.cz\/en\/wp-json\/wp\/v2\/pages\/271"}],"wp:attachment":[{"href":"http:\/\/gcons.pulary.cz\/en\/wp-json\/wp\/v2\/media?parent=247"}],"curies":[{"name":"wp","href":"https:\/\/api.w.org\/{rel}","templated":true}]}}