{"id":241,"date":"2018-10-23T11:24:23","date_gmt":"2018-10-23T09:24:23","guid":{"rendered":"http:\/\/gcons.pulary.cz\/?page_id=241"},"modified":"2023-02-24T16:41:40","modified_gmt":"2023-02-24T15:41:40","slug":"ekologicke-poradenstvi","status":"publish","type":"page","link":"http:\/\/gcons.pulary.cz\/en\/sluzby\/ekologicke-poradenstvi\/","title":{"rendered":"ENVIRONMENTAL CONSULTING"},"content":{"rendered":"<h3 class=\"zel2\">ENVIRONMENTAL CONSULTING<\/h3>\n<p>&nbsp;<\/p>\n<ul>\n<li>monitoring kvality podzemn\u00edch vod<\/li>\n<li>anal\u00fdza rizik ekologick\u00fdch z\u00e1t\u011b\u017e\u00ed<\/li>\n<li>EIA \u2013 posuzov\u00e1n\u00ed vliv\u016f na \u017eivotn\u00ed prost\u0159ed\u00ed v intenc\u00edch z\u00e1kona \u010d. 100\/2001 Sb.<\/li>\n<li>ekologick\u00fd audit<\/li>\n<li>studie proveditelnosti<\/li>\n<li>environment\u00e1ln\u00ed poradenstv\u00ed<\/li>\n<\/ul>\n<p>Kontakt<br \/>\n<strong>RNDr. V\u011bra T\u00ed\u017ekov\u00e1<\/strong><br \/>\nM: +420 602 781 126<br \/>\nE: tizkova@g-consult.cz<\/p>\n<p><strong>Ing. Vladan Podrou\u017eek<\/strong><br \/>\nM: +420 602 520 209<br \/>\nE: podrouzek@g-consult.cz<\/p>","protected":false},"excerpt":{"rendered":"<p>EKOLOGICK\u00c9 PORADENSTV\u00cd &nbsp; monitoring kvality podzemn\u00edch vod anal\u00fdza rizik ekologick\u00fdch &#8230;<\/p>","protected":false},"author":2,"featured_media":0,"parent":271,"menu_order":0,"comment_status":"closed","ping_status":"closed","template":"page-ekoporadenstvi.php","meta":{"footnotes":""},"class_list":["post-241","page","type-page","status-publish","hentry"],"acf":[],"_links":{"self":[{"href":"http:\/\/gcons.pulary.cz\/en\/wp-json\/wp\/v2\/pages\/241","targetHints":{"allow":["GET"]}}],"collection":[{"href":"http:\/\/gcons.pulary.cz\/en\/wp-json\/wp\/v2\/pages"}],"about":[{"href":"http:\/\/gcons.pulary.cz\/en\/wp-json\/wp\/v2\/types\/page"}],"author":[{"embeddable":true,"href":"http:\/\/gcons.pulary.cz\/en\/wp-json\/wp\/v2\/users\/2"}],"replies":[{"embeddable":true,"href":"http:\/\/gcons.pulary.cz\/en\/wp-json\/wp\/v2\/comments?post=241"}],"version-history":[{"count":11,"href":"http:\/\/gcons.pulary.cz\/en\/wp-json\/wp\/v2\/pages\/241\/revisions"}],"predecessor-version":[{"id":763,"href":"http:\/\/gcons.pulary.cz\/en\/wp-json\/wp\/v2\/pages\/241\/revisions\/763"}],"up":[{"embeddable":true,"href":"http:\/\/gcons.pulary.cz\/en\/wp-json\/wp\/v2\/pages\/271"}],"wp:attachment":[{"href":"http:\/\/gcons.pulary.cz\/en\/wp-json\/wp\/v2\/media?parent=241"}],"curies":[{"name":"wp","href":"https:\/\/api.w.org\/{rel}","templated":true}]}}