{"id":19,"date":"2018-04-11T11:58:33","date_gmt":"2018-04-11T09:58:33","guid":{"rendered":"http:\/\/gcons.pulary.cz\/?page_id=19"},"modified":"2023-02-22T18:16:57","modified_gmt":"2023-02-22T17:16:57","slug":"o-spolecnosti","status":"publish","type":"page","link":"http:\/\/gcons.pulary.cz\/en\/o-spolecnosti\/","title":{"rendered":"Who we are"},"content":{"rendered":"<h3>About us<\/h3>\n<p><strong>Ozn\u00e1men\u00ed o zm\u011bn\u00e1ch ve veden\u00ed spole\u010dnosti G-Consult, spol. s r.o.<\/strong><\/p>\n<ul>\n<li>ke dni 31.12.2022 ukon\u010dil po 17 letech sv\u00e9 p\u016fsoben\u00ed ve funkci \u0159editele spole\u010dnosti Ing. Michal KOFRO\u0147. Nad\u00e1le z\u016fst\u00e1v\u00e1 ve funkci jednatele spole\u010dnosti.<\/li>\n<li>ke dni 31.12.2022 ukon\u010dil po 17 letech sv\u00e9 p\u016fsoben\u00ed ve funkci technick\u00e9ho \u0159editele spole\u010dnosti a jednatele spole\u010dnosti Ing. Stanislav MIKOLAJEK.<\/li>\n<\/ul>\n<p>Oba nad\u00e1le z\u016fst\u00e1vaj\u00ed v pracovn\u011bpr\u00e1vn\u00edm vztahu ve spole\u010dnosti.<\/p>\n<ul>\n<li>od 1.1.2023 byla do funkce v\u00fdkonn\u00e9 \u0159editelky spole\u010dnosti a z\u00e1rove\u0148 jednatelky spole\u010dnosti jmenov\u00e1na Ing. So\u0148a \u0160IMKOV\u00c1.<\/li>\n<li>od 1.3.2022 p\u016fsob\u00ed ve funkci obchodn\u00edho \u0159editele spole\u010dnosti Ing. Vladan PODROU\u017dEK.<\/li>\n<\/ul>\n<hr \/>\n<p>G-Consult, spol. s.r.o. was founded in 2004. Since the beginning of its business activities in the field of geology and environment G-Consult has focused on geo engineering and hydrogeological investigation, environmental impact assessment, environmental auditing, risk analyses, remediation work and waste.<\/p>\n<p>Our company constantly reinvests significant part of its income into its further development. Money is put into modernization of our technical base and qualification training of our personnel. This investment policy enables our company to react operatively to changing market requirements and keep its good name.<\/p>\n<p>G-Consult, spol. s.r.o. has an integrated management system certified according to the ISO 9001, ISO 14001 and ISO 45001 standards (Quality Management System, Environmental Management System and Occupational Health and Safety Management System).<\/p>\n<p>&nbsp;<\/p>\n<h3>LEGAL INFORMATION<\/h3>\n<table class=\"table-striped\" style=\"width: 100%; border: 1px solid #e1e1e1;\" border=\"0PX\" cellspacing=\"12px\" cellpadding=\"12px\">\n<tbody>\n<tr style=\"height: 27px;\">\n<td style=\"width: 50%; height: 27px;\"><strong>Name:<\/strong><\/td>\n<td style=\"width: 50%; height: 27px;\">G-Consult, spol. s r.o.<\/td>\n<\/tr>\n<tr style=\"height: 27px;\">\n<td style=\"width: 50%; height: 27px;\"><strong>Company address:<\/strong><\/td>\n<td style=\"width: 50%; height: 27px;\">V\u00fdstavn\u00ed 367\/109, 703 00 Ostrava-V\u00edtkovice<\/td>\n<\/tr>\n<tr style=\"height: 27px;\">\n<td style=\"width: 50%; height: 27px;\"><strong>Registered:<\/strong><\/td>\n<td style=\"width: 50%; height: 27px;\">v OR veden\u00e9m u KS v Ostrav\u011b, odd. C, vlo\u017eka 9104<\/td>\n<\/tr>\n<tr style=\"height: 27px;\">\n<td style=\"width: 50%; height: 27px;\"><strong>Registration number:<\/strong><\/td>\n<td style=\"width: 50%; height: 27px;\">64616886<\/td>\n<\/tr>\n<tr style=\"height: 27px;\">\n<td style=\"width: 50%; height: 27px;\"><strong>Tax registrarion number:<\/strong><\/td>\n<td style=\"width: 50%; height: 27px;\">CZ64616886<\/td>\n<\/tr>\n<tr style=\"height: 26px;\">\n<td style=\"width: 50%; height: 26px;\"><strong>ID of data box:<\/strong><\/td>\n<td style=\"width: 50%; height: 26px;\">mvi7xxm<\/td>\n<\/tr>\n<\/tbody>\n<\/table>\n<p>&nbsp;<\/p>\n<p>&nbsp;<\/p>\n<h3>AUTHORIZATIONS AND CERTIFICATIONS<\/h3>\n<ul>\n<li>Authorized engineer in building structures<\/li>\n<li>Authorized engineer in the field of geotechnics<\/li>\n<li>Certificate from the Ministry of the Environment on professional competence to design, carry out and evaluate geological works in the fields:\n<ul>\n<li>Geo engineering (5)<\/li>\n<li>Hydrogeology (6)<\/li>\n<li>Geological works \u2013 remediation work, remediation geology (3)<\/li>\n<li>Resources geology<\/li>\n<li>Environmental geology<\/li>\n<li>Geochemistry<\/li>\n<\/ul>\n<\/li>\n<li>Geotechnical investigation for roads and motorways (MdaS \u010cR)<\/li>\n<li>EIA authorization according to the Act 100\/2001 Sb.<\/li>\n<li>Authorized expert (impact of environmental damages, geo engineering, hydrogeology)<\/li>\n<li>Regional Mining Authority Ostrava \u2013 responsible representative<\/li>\n<li>Certification for Groundwater Sampling Manager<\/li>\n<li>Certification for Wastewater Sampling Manager<\/li>\n<li>Certification for Wastes Sampling Manager<\/li>\n<li>Mana\u017eer vzorkov\u00e1n\u00ed odpad\u016f<\/li>\n<\/ul>\n<p>&nbsp;<\/p>\n<h3>INTEGRATED MANAGEMENT SYSTEM<\/h3>\n<p>G-Consult, spol. s.r.o. has a management system certified according to the standards of \u010cSN EN ISO 9001 (Quality Management System), \u010cSN EN ISO 14001 (Environmental Management System) and \u010cSN ISO 45001 (Occupational Health and Safety Management System).<\/p>\n<p class=\" translation-block\"><a href=\"http:\/\/gcons.pulary.cz\/domains\/gcons.pulary.cz\/wp-content\/uploads\/2020\/08\/A-001_Politika_ISM.pdf\" target=\"_blank\" rel=\"noopener\">The policy of Integrated Management System<\/a> was introduced in accordance with requirements of the above-mentioned standards.<\/p>\n<p>&nbsp;<\/p>\n<div id='gallery-1' class='gallery galleryid-19 gallery-columns-3 gallery-size-medium'><figure class='gallery-item'>\n\t\t\t<div class='gallery-icon portrait'>\n\t\t\t\t<a href='http:\/\/gcons.pulary.cz\/wp-content\/uploads\/2020\/09\/Certifikat_ISO_9001-1.jpg' title=\"\" data-rl_title=\"\" class=\"rl-gallery-link\" data-rl_caption=\"\" data-rel=\"lightbox-gallery-1\"><img loading=\"lazy\" decoding=\"async\" width=\"212\" height=\"300\" src=\"http:\/\/gcons.pulary.cz\/wp-content\/uploads\/2020\/09\/Certifikat_ISO_9001-1-212x300.jpg\" class=\"attachment-medium size-medium\" alt=\"\" srcset=\"http:\/\/gcons.pulary.cz\/wp-content\/uploads\/2020\/09\/Certifikat_ISO_9001-1-212x300.jpg 212w, http:\/\/gcons.pulary.cz\/wp-content\/uploads\/2020\/09\/Certifikat_ISO_9001-1.jpg 615w\" sizes=\"auto, (max-width: 212px) 100vw, 212px\" \/><\/a>\n\t\t\t<\/div><\/figure><figure class='gallery-item'>\n\t\t\t<div class='gallery-icon portrait'>\n\t\t\t\t<a href='http:\/\/gcons.pulary.cz\/wp-content\/uploads\/2020\/09\/Certifikat_ISO_14001-1.jpg' title=\"\" data-rl_title=\"\" class=\"rl-gallery-link\" data-rl_caption=\"\" data-rel=\"lightbox-gallery-1\"><img loading=\"lazy\" decoding=\"async\" width=\"213\" height=\"300\" src=\"http:\/\/gcons.pulary.cz\/wp-content\/uploads\/2020\/09\/Certifikat_ISO_14001-1-213x300.jpg\" class=\"attachment-medium size-medium\" alt=\"\" srcset=\"http:\/\/gcons.pulary.cz\/wp-content\/uploads\/2020\/09\/Certifikat_ISO_14001-1-213x300.jpg 213w, http:\/\/gcons.pulary.cz\/wp-content\/uploads\/2020\/09\/Certifikat_ISO_14001-1-768x1084.jpg 768w, http:\/\/gcons.pulary.cz\/wp-content\/uploads\/2020\/09\/Certifikat_ISO_14001-1-726x1024.jpg 726w, http:\/\/gcons.pulary.cz\/wp-content\/uploads\/2020\/09\/Certifikat_ISO_14001-1.jpg 1644w\" sizes=\"auto, (max-width: 213px) 100vw, 213px\" \/><\/a>\n\t\t\t<\/div><\/figure><figure class='gallery-item'>\n\t\t\t<div class='gallery-icon portrait'>\n\t\t\t\t<a href='http:\/\/gcons.pulary.cz\/wp-content\/uploads\/2020\/09\/Certifikat_ISO_45001-1.jpg' title=\"\" data-rl_title=\"\" class=\"rl-gallery-link\" data-rl_caption=\"\" data-rel=\"lightbox-gallery-1\"><img loading=\"lazy\" decoding=\"async\" width=\"212\" height=\"300\" src=\"http:\/\/gcons.pulary.cz\/wp-content\/uploads\/2020\/09\/Certifikat_ISO_45001-1-212x300.jpg\" class=\"attachment-medium size-medium\" alt=\"\" srcset=\"http:\/\/gcons.pulary.cz\/wp-content\/uploads\/2020\/09\/Certifikat_ISO_45001-1-212x300.jpg 212w, http:\/\/gcons.pulary.cz\/wp-content\/uploads\/2020\/09\/Certifikat_ISO_45001-1-768x1087.jpg 768w, http:\/\/gcons.pulary.cz\/wp-content\/uploads\/2020\/09\/Certifikat_ISO_45001-1-723x1024.jpg 723w, http:\/\/gcons.pulary.cz\/wp-content\/uploads\/2020\/09\/Certifikat_ISO_45001-1.jpg 1636w\" sizes=\"auto, (max-width: 212px) 100vw, 212px\" \/><\/a>\n\t\t\t<\/div><\/figure>\n\t\t<\/div>","protected":false},"excerpt":{"rendered":"<p>Z\u00c1KLADN\u00cd \u00daDAJE Ozn\u00e1men\u00ed o zm\u011bn\u00e1ch ve veden\u00ed spole\u010dnosti G-Consult, spol. &#8230;<\/p>","protected":false},"author":2,"featured_media":0,"parent":0,"menu_order":0,"comment_status":"closed","ping_status":"closed","template":"page-spolecnost_2.php","meta":{"footnotes":""},"class_list":["post-19","page","type-page","status-publish","hentry"],"acf":[],"_links":{"self":[{"href":"http:\/\/gcons.pulary.cz\/en\/wp-json\/wp\/v2\/pages\/19","targetHints":{"allow":["GET"]}}],"collection":[{"href":"http:\/\/gcons.pulary.cz\/en\/wp-json\/wp\/v2\/pages"}],"about":[{"href":"http:\/\/gcons.pulary.cz\/en\/wp-json\/wp\/v2\/types\/page"}],"author":[{"embeddable":true,"href":"http:\/\/gcons.pulary.cz\/en\/wp-json\/wp\/v2\/users\/2"}],"replies":[{"embeddable":true,"href":"http:\/\/gcons.pulary.cz\/en\/wp-json\/wp\/v2\/comments?post=19"}],"version-history":[{"count":63,"href":"http:\/\/gcons.pulary.cz\/en\/wp-json\/wp\/v2\/pages\/19\/revisions"}],"predecessor-version":[{"id":615,"href":"http:\/\/gcons.pulary.cz\/en\/wp-json\/wp\/v2\/pages\/19\/revisions\/615"}],"wp:attachment":[{"href":"http:\/\/gcons.pulary.cz\/en\/wp-json\/wp\/v2\/media?parent=19"}],"curies":[{"name":"wp","href":"https:\/\/api.w.org\/{rel}","templated":true}]}}